{"id":9,"date":"2020-04-28T15:13:36","date_gmt":"2020-04-28T15:13:36","guid":{"rendered":"http:\/\/cpcsa.pt\/?page_id=9"},"modified":"2020-05-01T10:30:38","modified_gmt":"2020-05-01T09:30:38","slug":"sobre","status":"publish","type":"page","link":"https:\/\/cpcsa.pt\/?page_id=9","title":{"rendered":"Sobre o Clube"},"content":{"rendered":"<p><strong>Funda\u00e7\u00e3o<\/strong><\/p>\n<p>O Clube Portugu\u00eas do C\u00e3o da Serra de Aires (CPCSA) foi fundando em 1990, tendo como s\u00f3cios fundadores, Ant\u00f3nio Jos\u00e9 Loureiro Borges, Manuel Jos\u00e9 Delgado Loureiro Bo<span class=\"text_exposed_show\">rges, Pedro Lu\u00eds S.S.F. Delerue, Jos\u00e9 Homem de Melo e Maria da Gra\u00e7a Neves C.P. Loureiro Borges<strong>.<\/strong><br \/>\n<\/span><\/p>\n<p><span class=\"text_exposed_show\"><strong>Miss\u00e3o<\/strong><br \/>\n<\/span><\/p>\n<p>Organizar, participar e promover exposi\u00e7\u00f5es monogr\u00e1ficas, exposi\u00e7\u00f5es especializadas e concursos da ra\u00e7a.<br \/>\nColaborar em eventos de divulga\u00e7\u00e3o da ra\u00e7a, confer\u00eancias, semin\u00e1rios e outros eventos de car\u00e1cter cient\u00edfico e pedag\u00f3gico.<br \/>\nApoiar e colaborar com os s\u00f3cios, criadores e propriet\u00e1rios da ra\u00e7a<\/p>\n<p><strong>Organiza\u00e7\u00e3o e funda\u00e7\u00e3o<\/strong><\/p>\n<p><span class=\"text_exposed_show\">O CPCSA \u00e9 uma associa\u00e7\u00e3o sem fins lucrativos e \u00e9 filiado no Clube Portugu\u00eas de Canicultura. \u00c9 a entidade reconhecida em Portugal como representante da ra\u00e7a \u201cC\u00e3o da Serra de Aires \u201c.<\/span><\/p>\n<p><span class=\"text_exposed_show\">No ano de 2000, um grupo de criadores e propriet\u00e1rios de c\u00e3es desta ra\u00e7a tiveram a iniciativa de relan\u00e7ar o clube. Assim, em Setembro desse, ano foi apresentada uma lista para os \u00f3rg\u00e3os directivos.<\/span><\/p>\n<p>Esta direc\u00e7\u00e3o esteve em exerc\u00edcio durante um ano, per\u00edodo este que foi a rampa para o fomento e promo\u00e7\u00e3o da ra\u00e7a. Estava lan\u00e7ado o alicerce para que uma direc\u00e7\u00e3o pudesse definir estrat\u00e9gias para atingir os objectivos propostos pelos fundadores do clube.<\/p>\n<p>Assim, em 2001, houve novamente elei\u00e7\u00f5es para os \u00f3rg\u00e3os directivos do Clube. Apenas uma lista se apresentou como concorrente, mesmo assim n\u00e3o deixou de cumprir com os seus objectivos.<\/p>\n<p>Todas as Direc\u00e7\u00f5es tem tido como miss\u00e3o levar o C\u00e3o da Serra de Aires a um lugar de destaque, que por m\u00e9rito pr\u00f3prio, merece no campo da canicultura em geral e na canicultura portuguesa em particular.<\/p>\n","protected":false},"excerpt":{"rendered":"<p>Funda\u00e7\u00e3o O Clube Portugu\u00eas do C\u00e3o da Serra de Aires (CPCSA) foi fundando em 1990, tendo como s\u00f3cios fundadores, Ant\u00f3nio Jos\u00e9 Loureiro Borges, Manuel Jos\u00e9 Delgado Loureiro Borges, Pedro Lu\u00eds S.S.F. Delerue, Jos\u00e9 Homem de Melo e Maria da Gra\u00e7a Neves C.P. Loureiro Borges. Miss\u00e3o Organizar, participar e promover exposi\u00e7\u00f5es monogr\u00e1ficas, exposi\u00e7\u00f5es especializadas e concursos &hellip; <\/p>\n<p class=\"link-more\"><a href=\"https:\/\/cpcsa.pt\/?page_id=9\" class=\"more-link\">Continuar a ler <span class=\"screen-reader-text\">&#8220;Sobre o Clube&#8221;<\/span><\/a><\/p>\n","protected":false},"author":1,"featured_media":63,"parent":0,"menu_order":0,"comment_status":"closed","ping_status":"closed","template":"","meta":{"ngg_post_thumbnail":0},"_links":{"self":[{"href":"https:\/\/cpcsa.pt\/index.php?rest_route=\/wp\/v2\/pages\/9"}],"collection":[{"href":"https:\/\/cpcsa.pt\/index.php?rest_route=\/wp\/v2\/pages"}],"about":[{"href":"https:\/\/cpcsa.pt\/index.php?rest_route=\/wp\/v2\/types\/page"}],"author":[{"embeddable":true,"href":"https:\/\/cpcsa.pt\/index.php?rest_route=\/wp\/v2\/users\/1"}],"replies":[{"embeddable":true,"href":"https:\/\/cpcsa.pt\/index.php?rest_route=%2Fwp%2Fv2%2Fcomments&post=9"}],"version-history":[{"count":4,"href":"https:\/\/cpcsa.pt\/index.php?rest_route=\/wp\/v2\/pages\/9\/revisions"}],"predecessor-version":[{"id":838,"href":"https:\/\/cpcsa.pt\/index.php?rest_route=\/wp\/v2\/pages\/9\/revisions\/838"}],"wp:featuredmedia":[{"embeddable":true,"href":"https:\/\/cpcsa.pt\/index.php?rest_route=\/wp\/v2\/media\/63"}],"wp:attachment":[{"href":"https:\/\/cpcsa.pt\/index.php?rest_route=%2Fwp%2Fv2%2Fmedia&parent=9"}],"curies":[{"name":"wp","href":"https:\/\/api.w.org\/{rel}","templated":true}]}}