{"id":8,"date":"2020-04-28T15:13:36","date_gmt":"2020-04-28T14:13:36","guid":{"rendered":"http:\/\/cpcsa.pt\/?page_id=8"},"modified":"2020-05-07T09:43:17","modified_gmt":"2020-05-07T08:43:17","slug":"inicio","status":"publish","type":"page","link":"https:\/\/cpcsa.pt\/","title":{"rendered":"In\u00edcio"},"content":{"rendered":"<p>Bem-vindo ao site do Clube Portugu\u00eas do C\u00e3o da Serra de Aires.O C\u00e3o da Serra de Aires \u00e9 um c\u00e3o de pastoreio, de condu\u00e7\u00e3o de rebanhos. Apresenta caracter\u00edsticas \u00fanicas no mundo. Um c\u00e3o r\u00fastico, perfeitamente adaptado ao trabalho e ao rigoroso clima das plan\u00edcies alentejanas, onde o ritmo\u00a0 da vida \u00e9 pautado pela batuta das grandes amplitudes t\u00e9rmicas.<\/p>","protected":false},"excerpt":{"rendered":"<p>Bem-vindo ao site do Clube Portugu\u00eas do C\u00e3o da Serra de Aires.O C\u00e3o da Serra de Aires \u00e9 um c\u00e3o de pastoreio, de condu\u00e7\u00e3o de rebanhos. Apresenta caracter\u00edsticas \u00fanicas no mundo. Um c\u00e3o r\u00fastico, perfeitamente adaptado ao trabalho e ao rigoroso clima das plan\u00edcies alentejanas, onde o ritmo\u00a0 da vida \u00e9 pautado pela batuta das &hellip; <\/p>\n<p class=\"link-more\"><a href=\"https:\/\/cpcsa.pt\/\" class=\"more-link\">Continuar a ler <span class=\"screen-reader-text\">&#8220;In\u00edcio&#8221;<\/span><\/a><\/p>\n","protected":false},"author":1,"featured_media":0,"parent":0,"menu_order":0,"comment_status":"closed","ping_status":"closed","template":"","meta":{"ngg_post_thumbnail":0},"_links":{"self":[{"href":"https:\/\/cpcsa.pt\/index.php?rest_route=\/wp\/v2\/pages\/8"}],"collection":[{"href":"https:\/\/cpcsa.pt\/index.php?rest_route=\/wp\/v2\/pages"}],"about":[{"href":"https:\/\/cpcsa.pt\/index.php?rest_route=\/wp\/v2\/types\/page"}],"author":[{"embeddable":true,"href":"https:\/\/cpcsa.pt\/index.php?rest_route=\/wp\/v2\/users\/1"}],"replies":[{"embeddable":true,"href":"https:\/\/cpcsa.pt\/index.php?rest_route=%2Fwp%2Fv2%2Fcomments&post=8"}],"version-history":[{"count":7,"href":"https:\/\/cpcsa.pt\/index.php?rest_route=\/wp\/v2\/pages\/8\/revisions"}],"predecessor-version":[{"id":1013,"href":"https:\/\/cpcsa.pt\/index.php?rest_route=\/wp\/v2\/pages\/8\/revisions\/1013"}],"wp:attachment":[{"href":"https:\/\/cpcsa.pt\/index.php?rest_route=%2Fwp%2Fv2%2Fmedia&parent=8"}],"curies":[{"name":"wp","href":"https:\/\/api.w.org\/{rel}","templated":true}]}}