{"id":1473,"date":"2022-01-11T14:42:14","date_gmt":"2022-01-11T13:42:14","guid":{"rendered":"http:\/\/cpcsa.pt\/?page_id=1473"},"modified":"2024-02-08T19:12:02","modified_gmt":"2024-02-08T18:12:02","slug":"orgaos-sociais","status":"publish","type":"page","link":"https:\/\/cpcsa.pt\/?page_id=1473","title":{"rendered":"\u00d3rg\u00e3os Sociais"},"content":{"rendered":"\n<p><strong>Direc\u00e7\u00e3o<\/strong><\/p>\n\n\n\n<p><em>Presidente<\/em>: Helena Dornellas Cysneiros<br><em>Vice-Presidente<\/em>: Pedro Matos Trigo<br><em>Secret\u00e1ria-Geral<\/em>: Ana Alexandra Magalh\u00e3es<br><em>Tesoureiro<\/em>: Andreia Pinto Louren\u00e7o<br><em>Vogal<\/em>: Jorge Guerra<\/p>\n\n\n\n<p><strong>Mesa da Assembleia Geral<\/strong><\/p>\n\n\n\n<p><em>Presidente<\/em>: Lu\u00eds Gorj\u00e3o Henriques<br><em>Secret\u00e1ri<\/em>a: Joana Pinto Tom\u00e1s<br><em>Secret\u00e1rio<\/em>: Marco Ferreira Gaspar<\/p>\n\n\n\n<p><strong>Conselho Fiscal<\/strong><\/p>\n\n\n\n<p><em>Presidente<\/em>:   Elisabete Moreira dos Santos Pinto<br><em>Vogal<\/em>: Eduardo F. Santos<br><em>Vogal<\/em>: Jo\u00e3o Costa<\/p>\n","protected":false},"excerpt":{"rendered":"<p>Direc\u00e7\u00e3o Presidente: Helena Dornellas CysneirosVice-Presidente: Pedro Matos TrigoSecret\u00e1ria-Geral: Ana Alexandra Magalh\u00e3esTesoureiro: Andreia Pinto Louren\u00e7oVogal: Jorge Guerra Mesa da Assembleia Geral Presidente: Lu\u00eds Gorj\u00e3o HenriquesSecret\u00e1ria: Joana Pinto Tom\u00e1sSecret\u00e1rio: Marco Ferreira Gaspar Conselho Fiscal Presidente: Elisabete Moreira dos Santos PintoVogal: Eduardo F. SantosVogal: Jo\u00e3o Costa<\/p>\n","protected":false},"author":1,"featured_media":0,"parent":0,"menu_order":0,"comment_status":"closed","ping_status":"closed","template":"","meta":{"ngg_post_thumbnail":0},"_links":{"self":[{"href":"https:\/\/cpcsa.pt\/index.php?rest_route=\/wp\/v2\/pages\/1473"}],"collection":[{"href":"https:\/\/cpcsa.pt\/index.php?rest_route=\/wp\/v2\/pages"}],"about":[{"href":"https:\/\/cpcsa.pt\/index.php?rest_route=\/wp\/v2\/types\/page"}],"author":[{"embeddable":true,"href":"https:\/\/cpcsa.pt\/index.php?rest_route=\/wp\/v2\/users\/1"}],"replies":[{"embeddable":true,"href":"https:\/\/cpcsa.pt\/index.php?rest_route=%2Fwp%2Fv2%2Fcomments&post=1473"}],"version-history":[{"count":4,"href":"https:\/\/cpcsa.pt\/index.php?rest_route=\/wp\/v2\/pages\/1473\/revisions"}],"predecessor-version":[{"id":1494,"href":"https:\/\/cpcsa.pt\/index.php?rest_route=\/wp\/v2\/pages\/1473\/revisions\/1494"}],"wp:attachment":[{"href":"https:\/\/cpcsa.pt\/index.php?rest_route=%2Fwp%2Fv2%2Fmedia&parent=1473"}],"curies":[{"name":"wp","href":"https:\/\/api.w.org\/{rel}","templated":true}]}}