{"id":1413,"date":"2021-11-01T08:22:56","date_gmt":"2021-11-01T07:22:56","guid":{"rendered":"http:\/\/cpcsa.pt\/?page_id=1413"},"modified":"2021-11-01T17:25:25","modified_gmt":"2021-11-01T16:25:25","slug":"protocolos","status":"publish","type":"page","link":"https:\/\/cpcsa.pt\/?page_id=1413","title":{"rendered":"Protocolo CM Monforte"},"content":{"rendered":"\n<p><strong>C\u00e2mara Municipal de Monforte<\/strong><\/p>\n\n\n\n<p>O Munic\u00edpio de Monforte e a associa\u00e7\u00e3o Clube Portugu\u00eas do C\u00e3o da Serra de Aires (CPCSA) estabeleceram um protocolo de coopera\u00e7\u00e3o, propondo-se ambas as entidades a incrementar medidas e consolidar ac\u00e7\u00f5es que t\u00eam estado a ser projectadas e desenvolvidas para o melhoramento da selec\u00e7\u00e3o, valoriza\u00e7\u00e3o, promo\u00e7\u00e3o e divulga\u00e7\u00e3o da ra\u00e7a canina portuguesa C\u00e3o da Serra de Aires, que tem no concelho de Monforte o seu solar e origem primeiramente referenciada a herdade do Monte da Serra d\u2019Aires, localizada na Freguesia de Santo Aleixo.<\/p>\n\n\n\n<p>O acto de assinatura do protocolo decorreu no dia 23 de Agosto de 2021, em Monforte, sendo signat\u00e1rios, o Presidente do Munic\u00edpio, Gon\u00e7alo Lagem, e o Presidente da Direc\u00e7\u00e3o do CPCSA, Pedro Sanches Delerue. Tamb\u00e9m estiveram presentes Jo\u00e3o Ribeiro e Helena d\u2019Ornellas Cysneiros, respectivamente, Secret\u00e1rio-geral e Tesoureira do CPCSA, e a Dirigente da Unidade Org\u00e2nica Sociocultural, Educa\u00e7\u00e3o e Desporto do Munic\u00edpio, Teresa Cunha.<\/p>\n\n\n\n<p>[<a href=\"..\/documentos\/Proocolo_CM-Monforte-c.pdf\" data-type=\"URL\" target=\"_blank\" rel=\"noreferrer noopener\">Visualizar protocolo e delibera\u00e7\u00f5es<\/a>]<\/p>\n\n\n\n<p>Liga\u00e7\u00f5es: <a href=\"http:\/\/www.cm-monforte.pt\/index.php\/en\/noticias-em-lista\/1712-2021-08-26-municipio-e-cpcsa-assinam-protocolo\">C\u00e2mara Municipal de Monforte<\/a><\/p>\n\n\n\n<!-- default-view.php -->\n<div\n\tclass=\"ngg-galleryoverview default-view \n\t\t\"\n\tid=\"ngg-gallery-5ec79f39f2fe6d3485d3d02737f5816f-1\">\n\n\t\t<!-- Thumbnails -->\n\t\t\t\t<div id=\"ngg-image-0\" class=\"ngg-gallery-thumbnail-box \n\t\t\t\t\t\t\t\tngg-2-columns\t\t\t\" \n\t\t\t>\n\t\t\t\t\t\t<div class=\"ngg-gallery-thumbnail\">\n\t\t\t<a href=\"https:\/\/cpcsa.pt\/wp-content\/gallery\/protocolo-cm-monforte\/2021-08-26-municipio-e-cpcsa-assinam-protocolo-102.jpeg\"\n\t\t\t\ttitle=\"\"\n\t\t\t\tdata-src=\"https:\/\/cpcsa.pt\/wp-content\/gallery\/protocolo-cm-monforte\/2021-08-26-municipio-e-cpcsa-assinam-protocolo-102.jpeg\"\n\t\t\t\tdata-thumbnail=\"https:\/\/cpcsa.pt\/wp-content\/gallery\/protocolo-cm-monforte\/thumbs\/thumbs_2021-08-26-municipio-e-cpcsa-assinam-protocolo-102.jpeg\"\n\t\t\t\tdata-image-id=\"61\"\n\t\t\t\tdata-title=\"2021-08-26-municipio-e-cpcsa-assinam-protocolo-102\"\n\t\t\t\tdata-description=\"\"\n\t\t\t\tdata-image-slug=\"2021-08-26-municipio-e-cpcsa-assinam-protocolo-102\"\n\t\t\t\tclass=\"ngg-simplelightbox\" rel=\"5ec79f39f2fe6d3485d3d02737f5816f\">\n\t\t\t\t<img\n\t\t\t\t\ttitle=\"2021-08-26-municipio-e-cpcsa-assinam-protocolo-102\"\n\t\t\t\t\talt=\"2021-08-26-municipio-e-cpcsa-assinam-protocolo-102\"\n\t\t\t\t\tsrc=\"https:\/\/cpcsa.pt\/wp-content\/gallery\/protocolo-cm-monforte\/thumbs\/thumbs_2021-08-26-municipio-e-cpcsa-assinam-protocolo-102.jpeg\"\n\t\t\t\t\twidth=\"240\"\n\t\t\t\t\theight=\"160\"\n\t\t\t\t\tstyle=\"max-width:100%;\"\n\t\t\t\t\/>\n\t\t\t<\/a>\n\t\t<\/div>\n\t\t\t\t\t\t\t<\/div> \n\t\t\t\n\t\t\t\t<div id=\"ngg-image-1\" class=\"ngg-gallery-thumbnail-box \n\t\t\t\t\t\t\t\tngg-2-columns\t\t\t\" \n\t\t\t>\n\t\t\t\t\t\t<div class=\"ngg-gallery-thumbnail\">\n\t\t\t<a href=\"https:\/\/cpcsa.pt\/wp-content\/gallery\/protocolo-cm-monforte\/2021-08-26-municipio-e-cpcsa-assinam-protocolo-100.jpg\"\n\t\t\t\ttitle=\"\"\n\t\t\t\tdata-src=\"https:\/\/cpcsa.pt\/wp-content\/gallery\/protocolo-cm-monforte\/2021-08-26-municipio-e-cpcsa-assinam-protocolo-100.jpg\"\n\t\t\t\tdata-thumbnail=\"https:\/\/cpcsa.pt\/wp-content\/gallery\/protocolo-cm-monforte\/thumbs\/thumbs_2021-08-26-municipio-e-cpcsa-assinam-protocolo-100.jpg\"\n\t\t\t\tdata-image-id=\"62\"\n\t\t\t\tdata-title=\"2021-08-26-municipio-e-cpcsa-assinam-protocolo-100\"\n\t\t\t\tdata-description=\"\"\n\t\t\t\tdata-image-slug=\"2021-08-26-municipio-e-cpcsa-assinam-protocolo-100\"\n\t\t\t\tclass=\"ngg-simplelightbox\" rel=\"5ec79f39f2fe6d3485d3d02737f5816f\">\n\t\t\t\t<img\n\t\t\t\t\ttitle=\"2021-08-26-municipio-e-cpcsa-assinam-protocolo-100\"\n\t\t\t\t\talt=\"2021-08-26-municipio-e-cpcsa-assinam-protocolo-100\"\n\t\t\t\t\tsrc=\"https:\/\/cpcsa.pt\/wp-content\/gallery\/protocolo-cm-monforte\/thumbs\/thumbs_2021-08-26-municipio-e-cpcsa-assinam-protocolo-100.jpg\"\n\t\t\t\t\twidth=\"240\"\n\t\t\t\t\theight=\"160\"\n\t\t\t\t\tstyle=\"max-width:100%;\"\n\t\t\t\t\/>\n\t\t\t<\/a>\n\t\t<\/div>\n\t\t\t\t\t\t\t<\/div> \n\t\t\t\n\t\t\t\t<div id=\"ngg-image-2\" class=\"ngg-gallery-thumbnail-box \n\t\t\t\t\t\t\t\tngg-2-columns\t\t\t\" \n\t\t\t>\n\t\t\t\t\t\t<div class=\"ngg-gallery-thumbnail\">\n\t\t\t<a href=\"https:\/\/cpcsa.pt\/wp-content\/gallery\/protocolo-cm-monforte\/2021-08-26-municipio-e-cpcsa-assinam-protocolo-101.jpeg\"\n\t\t\t\ttitle=\"\"\n\t\t\t\tdata-src=\"https:\/\/cpcsa.pt\/wp-content\/gallery\/protocolo-cm-monforte\/2021-08-26-municipio-e-cpcsa-assinam-protocolo-101.jpeg\"\n\t\t\t\tdata-thumbnail=\"https:\/\/cpcsa.pt\/wp-content\/gallery\/protocolo-cm-monforte\/thumbs\/thumbs_2021-08-26-municipio-e-cpcsa-assinam-protocolo-101.jpeg\"\n\t\t\t\tdata-image-id=\"63\"\n\t\t\t\tdata-title=\"2021-08-26-municipio-e-cpcsa-assinam-protocolo-101\"\n\t\t\t\tdata-description=\"\"\n\t\t\t\tdata-image-slug=\"2021-08-26-municipio-e-cpcsa-assinam-protocolo-101\"\n\t\t\t\tclass=\"ngg-simplelightbox\" rel=\"5ec79f39f2fe6d3485d3d02737f5816f\">\n\t\t\t\t<img\n\t\t\t\t\ttitle=\"2021-08-26-municipio-e-cpcsa-assinam-protocolo-101\"\n\t\t\t\t\talt=\"2021-08-26-municipio-e-cpcsa-assinam-protocolo-101\"\n\t\t\t\t\tsrc=\"https:\/\/cpcsa.pt\/wp-content\/gallery\/protocolo-cm-monforte\/thumbs\/thumbs_2021-08-26-municipio-e-cpcsa-assinam-protocolo-101.jpeg\"\n\t\t\t\t\twidth=\"240\"\n\t\t\t\t\theight=\"160\"\n\t\t\t\t\tstyle=\"max-width:100%;\"\n\t\t\t\t\/>\n\t\t\t<\/a>\n\t\t<\/div>\n\t\t\t\t\t\t\t<\/div> \n\t\t\t\n\t\t\t\t<div id=\"ngg-image-3\" class=\"ngg-gallery-thumbnail-box \n\t\t\t\t\t\t\t\tngg-2-columns\t\t\t\" \n\t\t\t>\n\t\t\t\t\t\t<div class=\"ngg-gallery-thumbnail\">\n\t\t\t<a href=\"https:\/\/cpcsa.pt\/wp-content\/gallery\/protocolo-cm-monforte\/2021-08-26-municipio-e-cpcsa-assinam-protocolo-103.jpeg\"\n\t\t\t\ttitle=\"\"\n\t\t\t\tdata-src=\"https:\/\/cpcsa.pt\/wp-content\/gallery\/protocolo-cm-monforte\/2021-08-26-municipio-e-cpcsa-assinam-protocolo-103.jpeg\"\n\t\t\t\tdata-thumbnail=\"https:\/\/cpcsa.pt\/wp-content\/gallery\/protocolo-cm-monforte\/thumbs\/thumbs_2021-08-26-municipio-e-cpcsa-assinam-protocolo-103.jpeg\"\n\t\t\t\tdata-image-id=\"64\"\n\t\t\t\tdata-title=\"2021-08-26-municipio-e-cpcsa-assinam-protocolo-103\"\n\t\t\t\tdata-description=\"\"\n\t\t\t\tdata-image-slug=\"2021-08-26-municipio-e-cpcsa-assinam-protocolo-103\"\n\t\t\t\tclass=\"ngg-simplelightbox\" rel=\"5ec79f39f2fe6d3485d3d02737f5816f\">\n\t\t\t\t<img\n\t\t\t\t\ttitle=\"2021-08-26-municipio-e-cpcsa-assinam-protocolo-103\"\n\t\t\t\t\talt=\"2021-08-26-municipio-e-cpcsa-assinam-protocolo-103\"\n\t\t\t\t\tsrc=\"https:\/\/cpcsa.pt\/wp-content\/gallery\/protocolo-cm-monforte\/thumbs\/thumbs_2021-08-26-municipio-e-cpcsa-assinam-protocolo-103.jpeg\"\n\t\t\t\t\twidth=\"240\"\n\t\t\t\t\theight=\"160\"\n\t\t\t\t\tstyle=\"max-width:100%;\"\n\t\t\t\t\/>\n\t\t\t<\/a>\n\t\t<\/div>\n\t\t\t\t\t\t\t<\/div> \n\t\t\t\n\t\t\t\t<div id=\"ngg-image-4\" class=\"ngg-gallery-thumbnail-box \n\t\t\t\t\t\t\t\tngg-2-columns\t\t\t\" \n\t\t\t>\n\t\t\t\t\t\t<div class=\"ngg-gallery-thumbnail\">\n\t\t\t<a href=\"https:\/\/cpcsa.pt\/wp-content\/gallery\/protocolo-cm-monforte\/2021-08-26-municipio-e-cpcsa-assinam-protocolo-104.jpeg\"\n\t\t\t\ttitle=\"\"\n\t\t\t\tdata-src=\"https:\/\/cpcsa.pt\/wp-content\/gallery\/protocolo-cm-monforte\/2021-08-26-municipio-e-cpcsa-assinam-protocolo-104.jpeg\"\n\t\t\t\tdata-thumbnail=\"https:\/\/cpcsa.pt\/wp-content\/gallery\/protocolo-cm-monforte\/thumbs\/thumbs_2021-08-26-municipio-e-cpcsa-assinam-protocolo-104.jpeg\"\n\t\t\t\tdata-image-id=\"65\"\n\t\t\t\tdata-title=\"2021-08-26-municipio-e-cpcsa-assinam-protocolo-104\"\n\t\t\t\tdata-description=\"\"\n\t\t\t\tdata-image-slug=\"2021-08-26-municipio-e-cpcsa-assinam-protocolo-104\"\n\t\t\t\tclass=\"ngg-simplelightbox\" rel=\"5ec79f39f2fe6d3485d3d02737f5816f\">\n\t\t\t\t<img\n\t\t\t\t\ttitle=\"2021-08-26-municipio-e-cpcsa-assinam-protocolo-104\"\n\t\t\t\t\talt=\"2021-08-26-municipio-e-cpcsa-assinam-protocolo-104\"\n\t\t\t\t\tsrc=\"https:\/\/cpcsa.pt\/wp-content\/gallery\/protocolo-cm-monforte\/thumbs\/thumbs_2021-08-26-municipio-e-cpcsa-assinam-protocolo-104.jpeg\"\n\t\t\t\t\twidth=\"240\"\n\t\t\t\t\theight=\"160\"\n\t\t\t\t\tstyle=\"max-width:100%;\"\n\t\t\t\t\/>\n\t\t\t<\/a>\n\t\t<\/div>\n\t\t\t\t\t\t\t<\/div> \n\t\t\t\n\t\n\t<br style=\"clear: both\" \/>\n\n\t\n\t\t<!-- Pagination -->\n\t\t<div class='ngg-clear'><\/div>\t<\/div>\n\n","protected":false},"excerpt":{"rendered":"<p>C\u00e2mara Municipal de Monforte O Munic\u00edpio de Monforte e a associa\u00e7\u00e3o Clube Portugu\u00eas do C\u00e3o da Serra de Aires (CPCSA) estabeleceram um protocolo de coopera\u00e7\u00e3o, propondo-se ambas as entidades a incrementar medidas e consolidar ac\u00e7\u00f5es que t\u00eam estado a ser projectadas e desenvolvidas para o melhoramento da selec\u00e7\u00e3o, valoriza\u00e7\u00e3o, promo\u00e7\u00e3o e divulga\u00e7\u00e3o da ra\u00e7a canina &hellip; <\/p>\n<p class=\"link-more\"><a href=\"https:\/\/cpcsa.pt\/?page_id=1413\" class=\"more-link\">Continuar a ler <span class=\"screen-reader-text\">&#8220;Protocolo CM Monforte&#8221;<\/span><\/a><\/p>\n","protected":false},"author":1,"featured_media":0,"parent":0,"menu_order":0,"comment_status":"closed","ping_status":"closed","template":"","meta":{"ngg_post_thumbnail":0},"_links":{"self":[{"href":"https:\/\/cpcsa.pt\/index.php?rest_route=\/wp\/v2\/pages\/1413"}],"collection":[{"href":"https:\/\/cpcsa.pt\/index.php?rest_route=\/wp\/v2\/pages"}],"about":[{"href":"https:\/\/cpcsa.pt\/index.php?rest_route=\/wp\/v2\/types\/page"}],"author":[{"embeddable":true,"href":"https:\/\/cpcsa.pt\/index.php?rest_route=\/wp\/v2\/users\/1"}],"replies":[{"embeddable":true,"href":"https:\/\/cpcsa.pt\/index.php?rest_route=%2Fwp%2Fv2%2Fcomments&post=1413"}],"version-history":[{"count":14,"href":"https:\/\/cpcsa.pt\/index.php?rest_route=\/wp\/v2\/pages\/1413\/revisions"}],"predecessor-version":[{"id":1459,"href":"https:\/\/cpcsa.pt\/index.php?rest_route=\/wp\/v2\/pages\/1413\/revisions\/1459"}],"wp:attachment":[{"href":"https:\/\/cpcsa.pt\/index.php?rest_route=%2Fwp%2Fv2%2Fmedia&parent=1413"}],"curies":[{"name":"wp","href":"https:\/\/api.w.org\/{rel}","templated":true}]}}