{"id":1306,"date":"2020-11-28T23:52:05","date_gmt":"2020-11-28T22:52:05","guid":{"rendered":"http:\/\/cpcsa.pt\/?page_id=1306"},"modified":"2020-11-29T00:00:57","modified_gmt":"2020-11-28T23:00:57","slug":"codigo-de-etica-e-conduta","status":"publish","type":"page","link":"https:\/\/cpcsa.pt\/?page_id=1306","title":{"rendered":"C\u00f3digo de \u00e9tica e conduta"},"content":{"rendered":"\n<p class=\"has-text-align-center\"><strong>Artigo 1\u00ba<\/strong><br>Objetivo<\/p>\n\n\n\n<p>A publica\u00e7\u00e3o do C\u00f3digo de \u00c9tica e de Conduta do CPCSA tem como objetivo consolidar as rela\u00e7\u00f5es de confian\u00e7a entre os associados e o CPCSA. Nomeadamente, cimentar junto de todos os associados a viv\u00eancia e a partilha de valores e normas de conduta comuns que permitam o refor\u00e7o dos elementos de identifica\u00e7\u00e3o necess\u00e1rias para favorecer a evolu\u00e7\u00e3o da ra\u00e7a C\u00e3o da Serra de Aires<\/p>\n\n\n\n<p class=\"has-text-align-center\"><strong>Artigo 2\u00ba<\/strong><\/p>\n\n\n\n<p>O presente c\u00f3digo de \u00e9tica aplica-se a todos os s\u00f3cios do CPCSA.<\/p>\n\n\n\n<p class=\"has-text-align-center\"><strong>Artigo 3\u00ba<\/strong><br>O S\u00f3cio<\/p>\n\n\n\n<ol><li>Est\u00e1 inibido do uso, utiliza\u00e7\u00e3o total ou parcial de not\u00edcias, artigos e fotografias, etc., publicados pelo CPCSA em proveito pr\u00f3prio, sem pr\u00e9via autoriza\u00e7\u00e3o do mesmo.<\/li><li>Deve respeitar todos os Estatutos e Regulamentos do Clube Portugu\u00eas de Canicultura, Federa\u00e7\u00e3o Cinol\u00f3gica Internacional (FCI) e do Clube Portugu\u00eas do C\u00e3o da Serra de Aires.<\/li><li>Quando participa em eventos caninos, deve adoptar sempre uma postura desportiva, nunca criticando os julgamentos e expositores garantindo que a imagem transmitida pelos s\u00f3cios do CPCSA seja sempre positiva.<\/li><li>Deve prestar toda a informa\u00e7\u00e3o e assist\u00eancia sempre que solicitadas.<\/li><li> N\u00e3o deve criticar os exemplares, comportamentos e pr\u00e1ticas de cria\u00e7\u00e3o de outros s\u00f3cios.<\/li><li> N\u00e3o deve difamar colegas e s\u00f3cios do clube nos meios de comunica\u00e7\u00e3o nomeadamente em f\u00f3runs e redes sociais.<\/li><li> N\u00e3o deve adoptar atitudes e comportamentos indignos, que comprometam a sua pr\u00f3pria imagem e \u00edndole, bem como a dos associados e do CPCSA.<\/li><li> N\u00e3o deve mencionar, publicar fotografias ou not\u00edcias e informa\u00e7\u00f5es enganosas ou incompletas cuja interpreta\u00e7\u00e3o seja d\u00fabia, capaz de deturpar a objectividade e o conte\u00fado da informa\u00e7\u00e3o.<\/li><li> Deve garantir que os seus exemplares tenham um correcto bem-estar animal, sanidade e higiene, durante todas as fases da vida, e que sejam vistoriados por um m\u00e9dico-veterin\u00e1rio pelo menos uma vez por ano.<\/li><li> Deve promover uma socializa\u00e7\u00e3o correcta e equilibrada dos seus exemplares.<\/li><li> Ajudar todos os interessados na ra\u00e7a e apoia-los nas suas d\u00favidas e quest\u00f5es.<\/li><\/ol>\n\n\n\n<p class=\"has-text-align-center\"><strong>Artigo 4\u00ba<\/strong><br>O S\u00f3cio-Criador<\/p>\n\n\n\n<ol><li>S\u00f3 deve utilizar reprodutores quando estes se apresentem, saud\u00e1veis isentos de doen\u00e7as heredit\u00e1rias ou cong\u00e9nitas graves, com bom temperamento\/car\u00e1cter e respeitem e cumpram os regulamentos aplicados do CPC e FCI.<\/li><li>S\u00f3 deve utilizar reprodutores que cumpram o respectivo estal\u00e3o da Ra\u00e7a, recusando beneficiamentos quando o interesse da ra\u00e7a esteja em causa.<\/li><li>Dever\u00e1 apenas programar ninhadas, tendo j\u00e1 uma previs\u00e3o razo\u00e1vel dos potenciais propriet\u00e1rios e certificar-se de que estes t\u00eam potencial, disponibilidade, perfil e condi\u00e7\u00f5es para adquirir um cachorro e poder proporcionar uma vida condigna ao mesmo.<\/li><li>N\u00e3o deve oferecer cachorros para pr\u00e9mios ou sorteios.<\/li><li>Deve esclarecer o futuro propriet\u00e1rio sobre a ra\u00e7a que ir\u00e1 adquirir e se esta corresponde \u00e0s expectativas pretendidas e acordadas.<\/li><li>S\u00f3 deve vender ou oferecer exemplares com temperamento caracter\u00edstico da ra\u00e7a, de boa sa\u00fade e sem aparente defeito f\u00edsico, ou que em definitivo se afaste do estal\u00e3o, sem informar devidamente o potencial propriet\u00e1rio dessas situa\u00e7\u00f5es e das suas eventuais consequ\u00eancias.<\/li><li>S\u00f3 deve deixar sair um cachorro do seu canil a partir das 9 ou 10 semanas de idade (Portugal) e de 12 semanas de idade (estrangeiro), vacinados, desparasitados, microchipados e acompanhados da respectiva caderneta sanit\u00e1ria.<\/li><li>Deve esclarecer e auxiliar o novo propriet\u00e1rio de todas as caracter\u00edsticas da ra\u00e7a, cuidados a ter com o cachorro at\u00e9 \u00e0 conclus\u00e3o do seu crescimento, colocar ao dispor ao cliente a sua experiencia e conhecimento para que esse exemplar possa ter a melhor condi\u00e7\u00e3o de vida poss\u00edvel.<\/li><li>Deve ajudar a realojar exemplares da sua cria\u00e7\u00e3o. Neste caso, poder\u00e1 eventualmente pedir ajuda ao CPCSA para que se consiga encontrar rapidamente uma fam\u00edlia para o animal.<\/li><li>N\u00e3o deve providenciar informa\u00e7\u00f5es falsas sobre a ra\u00e7a e sobre os c\u00e3es criados por si.<\/li><\/ol>\n\n\n\n<p class=\"has-text-align-center\"><strong>Artigo 5\u00ba<\/strong><br>Incumprimento<\/p>\n\n\n\n<ol><li>O incumprimento, ou viola\u00e7\u00e3o do C\u00f3digo de \u00c9tica e de Conduta, poder\u00e1 dar origem a processo disciplinar, para al\u00e9m de outras medidas que o CPCSA entenda, depois de averiguados todos os factos e se concluir existirem mat\u00e9ria de facto.<\/li><li>Poder\u00e1 tamb\u00e9m o CPCSA, se assim o entender, comunicar ao CPC ou a outros organismos as decis\u00f5es sobre os processos disciplinares.<\/li><\/ol>\n\n\n\n<p class=\"has-text-align-center\"><strong>Artigo 6\u00ba<\/strong><br>Den\u00fancia<\/p>\n\n\n\n<ol><li>Qualquer denuncia das condutas previstas no \u201cC\u00f3digo de \u00c9tica e Conduta CPCSA\u201d dever\u00e1 s\u00ea-lo feito por escrito, acompanhada de todos os documentos comprovativos, devidamente assinados, com identifica\u00e7\u00e3o do seu autor e infractor, remetida \u00e0 direc\u00e7\u00e3o do CPCSA.<\/li><li>O prazo para apresentar a den\u00fancia n\u00e3o poder\u00e1 ultrapassar 6 meses ap\u00f3s o conhecimento da ocorr\u00eancia dos factos.<\/li><\/ol>\n\n\n\n<p class=\"has-text-align-center\"><strong>Artigo 7\u00ba<\/strong><br>Audi\u00eancia Previa<\/p>\n\n\n\n<ol><li>No caso de haver mat\u00e9ria de facto, o caso ser\u00e1 analisado pela dire\u00e7\u00e3o do CPCSA, onde ser\u00e1 ouvida a outra parte, que ser\u00e1 avisada atrav\u00e9s de carta registada.<\/li><li>Ap\u00f3s ter sido ouvido pela direc\u00e7\u00e3o do CPCSA, o denunciado ter\u00e1 o prazo de 10 dias para apresentar a sua defesa por escrito devendo expor clara e concisamente os factos e as raz\u00f5es que a fundamentam, devidamente acompanhada de provas, sob pena de indeferimento.<\/li><\/ol>\n\n\n\n<p class=\"has-text-align-center\"><strong>Artigo 8\u00ba<\/strong><br>San\u00e7\u00f5es<\/p>\n\n\n\n<p>As Penas disciplinares podem ser:<\/p>\n\n\n\n<ol><li>Advert\u00eancia;<\/li><li>Suspens\u00e3o da participa\u00e7\u00e3o em exposi\u00e7\u00f5es (monogr\u00e1ficas e ou especializadas do CPCSA;<\/li><li>Expuls\u00e3o de s\u00f3cio;<\/li><\/ol>\n\n\n\n<p class=\"has-text-align-center\"><strong>Artigo 9\u00ba<\/strong><br>Recurso<\/p>\n\n\n\n<ol><li>Da decis\u00e3o do processo disciplinar emitida pela direc\u00e7\u00e3o do CPCSA, a mesma pode ser recorrida para a mesa da assembleia no prazo m\u00e1ximo de 8 dias ap\u00f3s notifica\u00e7\u00e3o da decis\u00e3o.<\/li><li>Neste Caso a Mesa da Assembleia do CPCSA ap\u00f3s avalia\u00e7\u00e3o de todo o processo tomar\u00e1 decis\u00e3o final sem possibilidade de novo recurso.<\/li><\/ol>\n\n\n\n<p class=\"has-text-align-center\"><strong>Artigo 10\u00ba<\/strong><br>Taxa<\/p>\n\n\n\n<ol><li>Para dar in\u00edcio ao processo com apresenta\u00e7\u00e3o de den\u00fancia dever\u00e1 ser liquidada uma taxa no valor de \u20ac50,00.<\/li><li>Para interpor recurso da decis\u00e3o emitida pela direc\u00e7\u00e3o dever\u00e1 ser liquidada uma taxa no valor de \u20ac50,00.<\/li><\/ol>\n","protected":false},"excerpt":{"rendered":"<p>Artigo 1\u00baObjetivo A publica\u00e7\u00e3o do C\u00f3digo de \u00c9tica e de Conduta do CPCSA tem como objetivo consolidar as rela\u00e7\u00f5es de confian\u00e7a entre os associados e o CPCSA. Nomeadamente, cimentar junto de todos os associados a viv\u00eancia e a partilha de valores e normas de conduta comuns que permitam o refor\u00e7o dos elementos de identifica\u00e7\u00e3o necess\u00e1rias &hellip; <\/p>\n<p class=\"link-more\"><a href=\"https:\/\/cpcsa.pt\/?page_id=1306\" class=\"more-link\">Continuar a ler <span class=\"screen-reader-text\">&#8220;C\u00f3digo de \u00e9tica e conduta&#8221;<\/span><\/a><\/p>\n","protected":false},"author":1,"featured_media":0,"parent":0,"menu_order":0,"comment_status":"closed","ping_status":"closed","template":"","meta":{"ngg_post_thumbnail":0},"_links":{"self":[{"href":"https:\/\/cpcsa.pt\/index.php?rest_route=\/wp\/v2\/pages\/1306"}],"collection":[{"href":"https:\/\/cpcsa.pt\/index.php?rest_route=\/wp\/v2\/pages"}],"about":[{"href":"https:\/\/cpcsa.pt\/index.php?rest_route=\/wp\/v2\/types\/page"}],"author":[{"embeddable":true,"href":"https:\/\/cpcsa.pt\/index.php?rest_route=\/wp\/v2\/users\/1"}],"replies":[{"embeddable":true,"href":"https:\/\/cpcsa.pt\/index.php?rest_route=%2Fwp%2Fv2%2Fcomments&post=1306"}],"version-history":[{"count":16,"href":"https:\/\/cpcsa.pt\/index.php?rest_route=\/wp\/v2\/pages\/1306\/revisions"}],"predecessor-version":[{"id":1323,"href":"https:\/\/cpcsa.pt\/index.php?rest_route=\/wp\/v2\/pages\/1306\/revisions\/1323"}],"wp:attachment":[{"href":"https:\/\/cpcsa.pt\/index.php?rest_route=%2Fwp%2Fv2%2Fmedia&parent=1306"}],"curies":[{"name":"wp","href":"https:\/\/api.w.org\/{rel}","templated":true}]}}