{"id":1465,"date":"2022-01-11T14:22:28","date_gmt":"2022-01-11T13:22:28","guid":{"rendered":"http:\/\/cpcsa.pt\/?page_id=1465"},"modified":"2022-01-11T14:26:40","modified_gmt":"2022-01-11T13:26:40","slug":"manifestacao-de-interesse","status":"publish","type":"page","link":"http:\/\/cpcsa.pt\/?page_id=1465","title":{"rendered":"Manifesta\u00e7\u00e3o de interesse"},"content":{"rendered":"\n<p>Universidade Lus\u00f3fona<\/p>\n\n\n\n<p>O CPCSA e a Universidade Lus\u00f3fona assumiram atrav\u00e9s da subscri\u00e7\u00e3o conjunta de uma manifesta\u00e7\u00e3o de interesse em participar nas actividades e programas a desenvolver pelo cons\u00f3rcio HEAD_L, liderado pela Universidade Lus\u00f3fona de Humanidades e Tecnologias.<br>Entre outros, esta iniciativa visa o apoio, no \u00e3mbito do PRR, \u00e0 candidatura ao Programa Impulso Jovens STEAM (Science, Technology, Engineering, Arts and Mathematics), que tem como objetivos:<\/p>\n\n\n\n<p>1) promover e apoiar iniciativas orientadas exclusivamente para aumentar a gradua\u00e7\u00e3o superior de jovens em \u00e1reas de ci\u00eancias, tecnologias, engenharias, artes e matem\u00e1tica; resposta \u00e0s novas necessidades do mercado de trabalho;<br> 2) refor\u00e7ar e diversificar a forma\u00e7\u00e3o p\u00f3s secund\u00e1ria, garantindo respetivamente a reconvers\u00e3o e atualiza\u00e7\u00e3o de compet\u00eancias atrav\u00e9s do desenvolvimento de solu\u00e7\u00f5es de qualifica\u00e7\u00e3o flex\u00edveis, de qualidade.<\/p>\n\n\n\n<p>[<a href=\"https:\/\/cpcsa.pt\/documentos\/Lusofona_ManifestacaoDeInteresse.pdf\" target=\"_blank\" rel=\"noreferrer noopener\">Visualizar protocolo<\/a>]<\/p>\n","protected":false},"excerpt":{"rendered":"<p>Universidade Lus\u00f3fona O CPCSA e a Universidade Lus\u00f3fona assumiram atrav\u00e9s da subscri\u00e7\u00e3o conjunta de uma manifesta\u00e7\u00e3o de interesse em participar nas actividades e programas a desenvolver pelo cons\u00f3rcio HEAD_L, liderado pela Universidade Lus\u00f3fona de Humanidades e Tecnologias.Entre outros, esta iniciativa visa o apoio, no \u00e3mbito do PRR, \u00e0 candidatura ao Programa Impulso Jovens STEAM (Science, &hellip; <\/p>\n<p class=\"link-more\"><a href=\"http:\/\/cpcsa.pt\/?page_id=1465\" class=\"more-link\">Continuar a ler <span class=\"screen-reader-text\">&#8220;Manifesta\u00e7\u00e3o de interesse&#8221;<\/span><\/a><\/p>\n","protected":false},"author":1,"featured_media":0,"parent":0,"menu_order":0,"comment_status":"closed","ping_status":"closed","template":"","meta":{"ngg_post_thumbnail":0},"_links":{"self":[{"href":"http:\/\/cpcsa.pt\/index.php?rest_route=\/wp\/v2\/pages\/1465"}],"collection":[{"href":"http:\/\/cpcsa.pt\/index.php?rest_route=\/wp\/v2\/pages"}],"about":[{"href":"http:\/\/cpcsa.pt\/index.php?rest_route=\/wp\/v2\/types\/page"}],"author":[{"embeddable":true,"href":"http:\/\/cpcsa.pt\/index.php?rest_route=\/wp\/v2\/users\/1"}],"replies":[{"embeddable":true,"href":"http:\/\/cpcsa.pt\/index.php?rest_route=%2Fwp%2Fv2%2Fcomments&post=1465"}],"version-history":[{"count":5,"href":"http:\/\/cpcsa.pt\/index.php?rest_route=\/wp\/v2\/pages\/1465\/revisions"}],"predecessor-version":[{"id":1472,"href":"http:\/\/cpcsa.pt\/index.php?rest_route=\/wp\/v2\/pages\/1465\/revisions\/1472"}],"wp:attachment":[{"href":"http:\/\/cpcsa.pt\/index.php?rest_route=%2Fwp%2Fv2%2Fmedia&parent=1465"}],"curies":[{"name":"wp","href":"https:\/\/api.w.org\/{rel}","templated":true}]}}