{"id":1461,"date":"2022-01-07T14:07:15","date_gmt":"2022-01-07T13:07:15","guid":{"rendered":"http:\/\/cpcsa.pt\/?page_id=1461"},"modified":"2022-01-07T14:53:11","modified_gmt":"2022-01-07T13:53:11","slug":"protocolo-achem","status":"publish","type":"page","link":"http:\/\/cpcsa.pt\/?page_id=1461","title":{"rendered":"Protocolo ACHEM"},"content":{"rendered":"\n<p>O CPCSA e a ACHEM (Associatia Chinologica Eurozone Moldova), da Rom\u00e9nia, assinaram um protocolo de coopera\u00e7\u00e3o para a implementa\u00e7\u00e3o de pol\u00edticas comuns na \u00e1rea canina, em particular na \u00e1rea da certifica\u00e7\u00e3o e cria\u00e7\u00e3o de c\u00e3es portugueses da ra\u00e7a C\u00e3o da Serra de Aires.<\/p>\n\n\n\n<p>[<a href=\"https:\/\/cpcsa.pt\/documentos\/OFFICIAL-PARTNERSHIP-ACHEM.pdf\" target=\"_blank\" rel=\"noreferrer noopener\">Visualizar protocolo<\/a>]<\/p>\n","protected":false},"excerpt":{"rendered":"<p>O CPCSA e a ACHEM (Associatia Chinologica Eurozone Moldova), da Rom\u00e9nia, assinaram um protocolo de coopera\u00e7\u00e3o para a implementa\u00e7\u00e3o de pol\u00edticas comuns na \u00e1rea canina, em particular na \u00e1rea da certifica\u00e7\u00e3o e cria\u00e7\u00e3o de c\u00e3es portugueses da ra\u00e7a C\u00e3o da Serra de Aires. [Visualizar protocolo]<\/p>\n","protected":false},"author":1,"featured_media":0,"parent":0,"menu_order":0,"comment_status":"closed","ping_status":"closed","template":"","meta":{"ngg_post_thumbnail":0},"_links":{"self":[{"href":"http:\/\/cpcsa.pt\/index.php?rest_route=\/wp\/v2\/pages\/1461"}],"collection":[{"href":"http:\/\/cpcsa.pt\/index.php?rest_route=\/wp\/v2\/pages"}],"about":[{"href":"http:\/\/cpcsa.pt\/index.php?rest_route=\/wp\/v2\/types\/page"}],"author":[{"embeddable":true,"href":"http:\/\/cpcsa.pt\/index.php?rest_route=\/wp\/v2\/users\/1"}],"replies":[{"embeddable":true,"href":"http:\/\/cpcsa.pt\/index.php?rest_route=%2Fwp%2Fv2%2Fcomments&post=1461"}],"version-history":[{"count":2,"href":"http:\/\/cpcsa.pt\/index.php?rest_route=\/wp\/v2\/pages\/1461\/revisions"}],"predecessor-version":[{"id":1464,"href":"http:\/\/cpcsa.pt\/index.php?rest_route=\/wp\/v2\/pages\/1461\/revisions\/1464"}],"wp:attachment":[{"href":"http:\/\/cpcsa.pt\/index.php?rest_route=%2Fwp%2Fv2%2Fmedia&parent=1461"}],"curies":[{"name":"wp","href":"https:\/\/api.w.org\/{rel}","templated":true}]}}