{"id":1338,"date":"2020-11-29T17:06:05","date_gmt":"2020-11-29T16:06:05","guid":{"rendered":"http:\/\/cpcsa.pt\/?page_id=1338"},"modified":"2020-11-30T15:16:19","modified_gmt":"2020-11-30T14:16:19","slug":"redes-sociais-e-imprensa","status":"publish","type":"page","link":"http:\/\/cpcsa.pt\/?page_id=1338","title":{"rendered":"Redes sociais e imprensa"},"content":{"rendered":"\n<p><strong>Redes sociais e imprensa<\/strong><\/p>\n\n\n\n<ul><li>O CPCSA compromete-se a publicar fotos dos exemplares que participem em exposi\u00e7\u00f5es do CPC ou Exposi\u00e7\u00f5es organizadas pelo CPCSA, quer dos s\u00f3cios, ou outros propriet\u00e1rios que participem. As respectivas fotos devem ser enviadas pelos propriet\u00e1rios para o email do CPCSA, para a p\u00e1gina do FB do CPCSA e podem ser tamb\u00e9m cedidas por diversos fot\u00f3grafos ou outros elementos presentes no local do evento.<\/li><li>Por impossibilidade de um membro do CPCSA estar presente em todas as exposi\u00e7\u00f5es,  nem sempre \u00e9 poss\u00edvel identificar todos os nomes dos c\u00e3es nas respectivas fotos.<\/li><li>Anualmente, o CPCSA ir\u00e1 divulgar um nota sobre os resultados obtidos de todos os exemplares que participaram em exposi\u00e7\u00f5es no ano anterior.<\/li><li>O CPCSA n\u00e3o pode ceder fotos para qualquer tipo de publica\u00e7\u00e3o, sem ter a respectiva autoriza\u00e7\u00e3o dos propriet\u00e1rios das fotos\/c\u00e3es.<\/li><li>Todas as fotos tiradas por elementos do CPCSA t\u00eam o log\u00f3tipo do CPCSA.<\/li><li>O CPCSA compromete-se a divulgar eventos associados \u00e0 ra\u00e7a na sua p\u00e1gina do Facebook (FB) e nas demais formas de divulga\u00e7\u00e3o (exemplo: revistas caninas).<\/li><li>O CPCSA envia um artigo para revistas da especialidade com os resultados das Exposi\u00e7\u00f5es\/Especializadas do CPCSA, bem como v\u00e1rias fotos (as fotos que posteriormente aparecem publicadas em revistas s\u00e3o escolhidas pela edi\u00e7\u00e3o).<\/li><li>O CPCSA envia um artigo e fotos para revistas da especialidade sempre que o CPCSA participe em evento de divulga\u00e7\u00e3o da ra\u00e7a.<\/li><\/ul>\n\n\n\n<p><\/p>\n","protected":false},"excerpt":{"rendered":"<p>Redes sociais e imprensa O CPCSA compromete-se a publicar fotos dos exemplares que participem em exposi\u00e7\u00f5es do CPC ou Exposi\u00e7\u00f5es organizadas pelo CPCSA, quer dos s\u00f3cios, ou outros propriet\u00e1rios que participem. As respectivas fotos devem ser enviadas pelos propriet\u00e1rios para o email do CPCSA, para a p\u00e1gina do FB do CPCSA e podem ser tamb\u00e9m &hellip; <\/p>\n<p class=\"link-more\"><a href=\"http:\/\/cpcsa.pt\/?page_id=1338\" class=\"more-link\">Continuar a ler <span class=\"screen-reader-text\">&#8220;Redes sociais e imprensa&#8221;<\/span><\/a><\/p>\n","protected":false},"author":1,"featured_media":1349,"parent":0,"menu_order":0,"comment_status":"closed","ping_status":"closed","template":"","meta":{"ngg_post_thumbnail":0},"_links":{"self":[{"href":"http:\/\/cpcsa.pt\/index.php?rest_route=\/wp\/v2\/pages\/1338"}],"collection":[{"href":"http:\/\/cpcsa.pt\/index.php?rest_route=\/wp\/v2\/pages"}],"about":[{"href":"http:\/\/cpcsa.pt\/index.php?rest_route=\/wp\/v2\/types\/page"}],"author":[{"embeddable":true,"href":"http:\/\/cpcsa.pt\/index.php?rest_route=\/wp\/v2\/users\/1"}],"replies":[{"embeddable":true,"href":"http:\/\/cpcsa.pt\/index.php?rest_route=%2Fwp%2Fv2%2Fcomments&post=1338"}],"version-history":[{"count":10,"href":"http:\/\/cpcsa.pt\/index.php?rest_route=\/wp\/v2\/pages\/1338\/revisions"}],"predecessor-version":[{"id":1350,"href":"http:\/\/cpcsa.pt\/index.php?rest_route=\/wp\/v2\/pages\/1338\/revisions\/1350"}],"wp:featuredmedia":[{"embeddable":true,"href":"http:\/\/cpcsa.pt\/index.php?rest_route=\/wp\/v2\/media\/1349"}],"wp:attachment":[{"href":"http:\/\/cpcsa.pt\/index.php?rest_route=%2Fwp%2Fv2%2Fmedia&parent=1338"}],"curies":[{"name":"wp","href":"https:\/\/api.w.org\/{rel}","templated":true}]}}