{"id":1324,"date":"2020-11-29T07:06:16","date_gmt":"2020-11-29T06:06:16","guid":{"rendered":"http:\/\/cpcsa.pt\/?page_id=1324"},"modified":"2020-11-29T07:21:31","modified_gmt":"2020-11-29T06:21:31","slug":"regulamento","status":"publish","type":"page","link":"http:\/\/cpcsa.pt\/?page_id=1324","title":{"rendered":"Regulamento"},"content":{"rendered":"\n<p><strong>Regulamento Interno do CPCSA<\/strong><\/p>\n\n\n\n<p><strong>Objectivos do Clube<\/strong><br>Melhorar a ra\u00e7a, encorajar a cria\u00e7\u00e3o, contribuir e desenvolver a sua promo\u00e7\u00e3o e utiliza\u00e7\u00e3o.<\/p>\n\n\n\n<p>Para al\u00e9m do artigo 4\u00ba dos estatutos, este regulamento define:<\/p>\n\n\n\n<div class=\"wp-block-group\"><div class=\"wp-block-group__inner-container\">\n<ol><li>Publicar artigos\/folhetos que fundamentalmente tratem de assuntos cujo objectivo \u00e9 dar a conhecer, difundir e apreciar a ra\u00e7a (com colabora\u00e7\u00e3o de t\u00e9cnicos e especial apoio directo a todos os s\u00f3cios e criadores)<\/li><li>Apoio directo a criadores, e aficionadas da ra\u00e7a, membros do clube.<\/li><li>Conceder pr\u00e9mios aos melhores exemplares expostos pelos s\u00f3cios, nas diversas manifesta\u00e7\u00f5es caninas patrocinadas pelo CPCSA, ou pelo Clube Portugu\u00eas de Canicultura (CPC).<\/li><li>Organizar Exposi\u00e7\u00f5es Nacionais Monogr\u00e1ficas no quadro das Exposi\u00e7\u00f5es Nacionais do CPC, e devidamente autorizadas por este organismo.<\/li><li>Registar em forma de listagem os criadores s\u00f3cios do CPCSA. Enviar regularmente a informa\u00e7\u00e3o de ninhadas atrav\u00e9s de via email a todos os s\u00f3cios e interessados.<\/li><li>Publicar o Standard da Ra\u00e7a com tradu\u00e7\u00e3o para o Portugu\u00eas, sempre que este sofra altera\u00e7\u00f5es emitidas pelo FCI.<\/li><li>Estabelecer e difundir coment\u00e1rios ao standard, extens\u00edveis a ju\u00edzes da ra\u00e7a.<\/li><li>Favorecer a rela\u00e7\u00e3o entre s\u00f3cios, ajud\u00e1-los e gui\u00e1-los na cria\u00e7\u00e3o do C\u00e3o da Serra de Aires.<\/li><li>Colaborar com o CPC para uma maior pureza e exactid\u00e3o das inscri\u00e7\u00f5es no Livro Origens Portugu\u00eas. Em geral, a aplica\u00e7\u00e3o de medidas t\u00e9cnicas que se considerem necess\u00e1rias para favorecer a evolu\u00e7\u00e3o e divulga\u00e7\u00e3o da ra\u00e7a em Portugal e no Estrangeiro.<\/li><\/ol>\n<\/div><\/div>\n","protected":false},"excerpt":{"rendered":"<p>Regulamento Interno do CPCSA Objectivos do ClubeMelhorar a ra\u00e7a, encorajar a cria\u00e7\u00e3o, contribuir e desenvolver a sua promo\u00e7\u00e3o e utiliza\u00e7\u00e3o. Para al\u00e9m do artigo 4\u00ba dos estatutos, este regulamento define: Publicar artigos\/folhetos que fundamentalmente tratem de assuntos cujo objectivo \u00e9 dar a conhecer, difundir e apreciar a ra\u00e7a (com colabora\u00e7\u00e3o de t\u00e9cnicos e especial apoio &hellip; <\/p>\n<p class=\"link-more\"><a href=\"http:\/\/cpcsa.pt\/?page_id=1324\" class=\"more-link\">Continuar a ler <span class=\"screen-reader-text\">&#8220;Regulamento&#8221;<\/span><\/a><\/p>\n","protected":false},"author":1,"featured_media":0,"parent":0,"menu_order":0,"comment_status":"closed","ping_status":"closed","template":"","meta":{"ngg_post_thumbnail":0},"_links":{"self":[{"href":"http:\/\/cpcsa.pt\/index.php?rest_route=\/wp\/v2\/pages\/1324"}],"collection":[{"href":"http:\/\/cpcsa.pt\/index.php?rest_route=\/wp\/v2\/pages"}],"about":[{"href":"http:\/\/cpcsa.pt\/index.php?rest_route=\/wp\/v2\/types\/page"}],"author":[{"embeddable":true,"href":"http:\/\/cpcsa.pt\/index.php?rest_route=\/wp\/v2\/users\/1"}],"replies":[{"embeddable":true,"href":"http:\/\/cpcsa.pt\/index.php?rest_route=%2Fwp%2Fv2%2Fcomments&post=1324"}],"version-history":[{"count":2,"href":"http:\/\/cpcsa.pt\/index.php?rest_route=\/wp\/v2\/pages\/1324\/revisions"}],"predecessor-version":[{"id":1326,"href":"http:\/\/cpcsa.pt\/index.php?rest_route=\/wp\/v2\/pages\/1324\/revisions\/1326"}],"wp:attachment":[{"href":"http:\/\/cpcsa.pt\/index.php?rest_route=%2Fwp%2Fv2%2Fmedia&parent=1324"}],"curies":[{"name":"wp","href":"https:\/\/api.w.org\/{rel}","templated":true}]}}