{"id":1147,"date":"2020-09-12T13:41:05","date_gmt":"2020-09-12T12:41:05","guid":{"rendered":"http:\/\/cpcsa.pt\/?page_id=1147"},"modified":"2020-09-12T16:02:23","modified_gmt":"2020-09-12T15:02:23","slug":"nome-da-raca-do-cao-da-serra-de-aires","status":"publish","type":"page","link":"http:\/\/cpcsa.pt\/?page_id=1147","title":{"rendered":"O nome da ra\u00e7a"},"content":{"rendered":"\n<p>A Sec\u00e7\u00e3o de Canicultura do Clube dos Ca\u00e7adores Portugueses, na edi\u00e7\u00e3o do Livro Portugu\u00eas de Origens de 1946, reconhece a exist\u00eancia de dez ra\u00e7as portuguesas:<br>1- Barba\u00e7as<br>2- C\u00e3o d&#8217;\u00c1gua<br>3- Castro Laboreiro<br>4- Fila da Terceira<br>5- Galgo Ind\u00edgena<br>6- Perdigueiro Portugu\u00eas<br>7- Podengo<br>8- Rafeiro do Alentejo<br>9- Serra d&#8217;Aires<br>10- Serra da Estr\u00eala<\/p>\n\n\n\n<figure class=\"wp-block-image size-large is-resized is-style-default\"><img loading=\"lazy\" src=\"http:\/\/cpcsa.pt\/wp-content\/uploads\/2020\/09\/2020-09-12-09_57_26-lop_ii.pdf-and-4-more-pages-Profile-1-Microsoft\u200b-Edge.png\" alt=\"\" class=\"wp-image-1149\" width=\"559\" height=\"280\" srcset=\"http:\/\/cpcsa.pt\/wp-content\/uploads\/2020\/09\/2020-09-12-09_57_26-lop_ii.pdf-and-4-more-pages-Profile-1-Microsoft\u200b-Edge.png 526w, http:\/\/cpcsa.pt\/wp-content\/uploads\/2020\/09\/2020-09-12-09_57_26-lop_ii.pdf-and-4-more-pages-Profile-1-Microsoft\u200b-Edge-300x150.png 300w\" sizes=\"(max-width: 559px) 100vw, 559px\" \/><figcaption>Livro Portugu\u00eas de Origens (L.P.O.), Sec\u00e7\u00e3o de Canicultura do Clube dos Ca\u00e7adores Portugueses, Volume II, Lisboa, 1946<\/figcaption><\/figure>\n\n\n\n<p>Esta ser\u00e1, muito provavelmente, a primeira refer\u00eancia ao nome da ra\u00e7a, onde se constata a adop\u00e7\u00e3o da topon\u00edmia da eleva\u00e7\u00e3o orogr\u00e1fica da freguesia de Santo Aleixo, Concelho de Monforte, e do monte alentejano com a mesma designa\u00e7\u00e3o a ela sobranceiro, para nome da ra\u00e7a.<\/p>\n\n\n\n<figure class=\"wp-block-image size-large is-resized\"><img loading=\"lazy\" src=\"http:\/\/cpcsa.pt\/wp-content\/uploads\/2020\/09\/2020-09-12-08_24_57-Portalegre-Google-Maps.png\" alt=\"\" class=\"wp-image-1150\" width=\"435\" height=\"395\" srcset=\"http:\/\/cpcsa.pt\/wp-content\/uploads\/2020\/09\/2020-09-12-08_24_57-Portalegre-Google-Maps.png 649w, http:\/\/cpcsa.pt\/wp-content\/uploads\/2020\/09\/2020-09-12-08_24_57-Portalegre-Google-Maps-300x273.png 300w\" sizes=\"(max-width: 435px) 100vw, 435px\" \/><figcaption>Placa topon\u00edmica na Rua de Elvas, Santo Aleixo, junto ao Monte da Serra d&#8217;Aires (imagem <a href=\"https:\/\/www.google.com\/maps\/@38.8889624,-7.411296,3a,15y,44.65h,81.82t\/data=!3m6!1e1!3m4!1so4xxykho-IvV2eC0Gs6R9g!2e0!7i16384!8i8192\" target=\"_blank\" rel=\"noreferrer noopener\">Street View<\/a>, Google)<\/figcaption><\/figure>\n\n\n\n<p>Em 1955,  no livro &#8220;<em>C\u00e3es Portugueses. Estal\u00f5es das suas Ra\u00e7as<\/em>&#8220;, da Sec\u00e7\u00e3o de Canicultura do Clube dos Ca\u00e7adores Portugueses,  no estal\u00e3o da ra\u00e7a a\u00ed publicado, da autoria dos ilustres m\u00e9dicos veterin\u00e1rios Dr. Filipe Morgado Romeiras e Dr. Ant\u00f3nio Cabral,  \u00e9 adoptada a designa\u00e7\u00e3o <em>C\u00e3o da Serra de Aires<\/em>.<\/p>\n\n\n\n<div class=\"wp-block-image\"><figure class=\"aligncenter size-large\"><img loading=\"lazy\" width=\"449\" height=\"478\" src=\"http:\/\/cpcsa.pt\/wp-content\/uploads\/2020\/09\/image.png\" alt=\"\" class=\"wp-image-1153\" srcset=\"http:\/\/cpcsa.pt\/wp-content\/uploads\/2020\/09\/image.png 449w, http:\/\/cpcsa.pt\/wp-content\/uploads\/2020\/09\/image-282x300.png 282w\" sizes=\"(max-width: 449px) 100vw, 449px\" \/><figcaption>C\u00e3es Portugueses. Estal\u00f5es das suas ra\u00e7as, Sec\u00e7\u00e3o de Canicultura do Clube dos Ca\u00e7adores Portugueses, Lisboa, 1955<\/figcaption><\/figure><\/div>\n\n\n\n<p>Desde ent\u00e3o, esta \u00e9 a designa\u00e7\u00e3o oficial e a que consta do estal\u00e3o actual, publicado no <em>website<\/em> do Clube Portugu\u00eas de Canicultura (<a rel=\"noreferrer noopener\" href=\"http:\/\/racas.cpc.pt\/1\/serradaires_pt.html\" target=\"_blank\">cpc.pt<\/a>), bem como no <em>website<\/em> da F\u00e9d\u00e9ration Cynologique Internationale (<a rel=\"noreferrer noopener\" href=\"http:\/\/www.fci.be\/en\/nomenclature\/PORTUGUESE-SHEEPDOG-93.html\" target=\"_blank\">fci.be<\/a>).<\/p>\n","protected":false},"excerpt":{"rendered":"<p>A Sec\u00e7\u00e3o de Canicultura do Clube dos Ca\u00e7adores Portugueses, na edi\u00e7\u00e3o do Livro Portugu\u00eas de Origens de 1946, reconhece a exist\u00eancia de dez ra\u00e7as portuguesas:1- Barba\u00e7as2- C\u00e3o d&#8217;\u00c1gua3- Castro Laboreiro4- Fila da Terceira5- Galgo Ind\u00edgena6- Perdigueiro Portugu\u00eas7- Podengo8- Rafeiro do Alentejo9- Serra d&#8217;Aires10- Serra da Estr\u00eala Esta ser\u00e1, muito provavelmente, a primeira refer\u00eancia ao nome &hellip; <\/p>\n<p class=\"link-more\"><a href=\"http:\/\/cpcsa.pt\/?page_id=1147\" class=\"more-link\">Continuar a ler <span class=\"screen-reader-text\">&#8220;O nome da ra\u00e7a&#8221;<\/span><\/a><\/p>\n","protected":false},"author":1,"featured_media":0,"parent":0,"menu_order":0,"comment_status":"closed","ping_status":"closed","template":"","meta":{"ngg_post_thumbnail":0},"_links":{"self":[{"href":"http:\/\/cpcsa.pt\/index.php?rest_route=\/wp\/v2\/pages\/1147"}],"collection":[{"href":"http:\/\/cpcsa.pt\/index.php?rest_route=\/wp\/v2\/pages"}],"about":[{"href":"http:\/\/cpcsa.pt\/index.php?rest_route=\/wp\/v2\/types\/page"}],"author":[{"embeddable":true,"href":"http:\/\/cpcsa.pt\/index.php?rest_route=\/wp\/v2\/users\/1"}],"replies":[{"embeddable":true,"href":"http:\/\/cpcsa.pt\/index.php?rest_route=%2Fwp%2Fv2%2Fcomments&post=1147"}],"version-history":[{"count":17,"href":"http:\/\/cpcsa.pt\/index.php?rest_route=\/wp\/v2\/pages\/1147\/revisions"}],"predecessor-version":[{"id":1169,"href":"http:\/\/cpcsa.pt\/index.php?rest_route=\/wp\/v2\/pages\/1147\/revisions\/1169"}],"wp:attachment":[{"href":"http:\/\/cpcsa.pt\/index.php?rest_route=%2Fwp%2Fv2%2Fmedia&parent=1147"}],"curies":[{"name":"wp","href":"https:\/\/api.w.org\/{rel}","templated":true}]}}