{"id":1081,"date":"2020-08-23T09:13:35","date_gmt":"2020-08-23T08:13:35","guid":{"rendered":"http:\/\/cpcsa.pt\/?page_id=1081"},"modified":"2020-08-23T18:58:12","modified_gmt":"2020-08-23T17:58:12","slug":"monograficas","status":"publish","type":"page","link":"http:\/\/cpcsa.pt\/?page_id=1081","title":{"rendered":"Monogr\u00e1ficas"},"content":{"rendered":"\n<p><\/p>\n\n\n\n\t<div class=\"ngg-albumoverview default-view\">\n\t\t\t\t\t<div class=\"ngg-album\">\n\t\t\t\t<div class=\"ngg-albumcontent\">\n\t\t\t\t\t\t\t\t\t\t\t<div class=\"ngg-thumbnail\">\n\t\t\t\t\t\t\t<a class='gallery_link' href='http:\/\/cpcsa.pt\/index.php\/nggallery\/monograficas\/2019?page_id=1081'>\n\t\t\t\t\t\t\t\t<img class=\"Thumb\"\n\t\t\t\t\t\t\t\t\talt=\"2019\"\n\t\t\t\t\t\t\t\t\tsrc=\"http:\/\/cpcsa.pt\/wp-content\/gallery\/2019\/cache\/71185696_961901577483562_4368001655795351552_o.jpg-nggid0260-ngg0dyn-300x200x100-00f0w010c011r110f110r010t010.jpg\"\/>\n\t\t\t\t\t\t\t<\/a>\n\t\t\t\t\t\t<\/div>\n\t\t\t\t\t\t\t\t\t\t<div class=\"ngg-albumtitle\">\n\t\t\t\t\t\t<a class='gallery_link' href='http:\/\/cpcsa.pt\/index.php\/nggallery\/monograficas\/2019?page_id=1081'>2019<\/a>\n\t\t\t\t\t<\/div>\n\t\t\t\t\t<div class=\"ngg-description\">\n\t\t\t\t\t\t<p>30\u00aa Exposi\u00e7\u00e3o Monogr\u00e1fica do C\u00e3o da Serra de Aires<\/br>\r\nData: 7 de Setembro de 2019<\/br>\r\nLocal: Arronches<\/br>\r\nJu\u00edz: Pedro Sanches Delerue (Presidente do CPCSA)<\/br>\r\nMelhor Exemplar e tamb\u00e9m melhor f\u00eamea: Bis D`Altoabaixo<\/br>\r\nMelhor macho: Bos D`Altoabaixo<\/p>\n\t\t\t\t\t\t\t\t\t\t\t\t\t<p class=\"ngg-album-gallery-image-counter\">\n\t\t\t\t\t\t\t\t<strong>1<\/strong>&nbsp;Photos<\/p>\n\t\t\t\t\t\t\t\t\t\t\t<\/div>\n\t\t\t\t<\/div>\n\t\t\t<\/div>\n\t\t\t\t\t<div class=\"ngg-album\">\n\t\t\t\t<div class=\"ngg-albumcontent\">\n\t\t\t\t\t\t\t\t\t\t\t<div class=\"ngg-thumbnail\">\n\t\t\t\t\t\t\t<a class='gallery_link' href='http:\/\/cpcsa.pt\/index.php\/nggallery\/monograficas\/2018?page_id=1081'>\n\t\t\t\t\t\t\t\t<img class=\"Thumb\"\n\t\t\t\t\t\t\t\t\talt=\"2018\"\n\t\t\t\t\t\t\t\t\tsrc=\"http:\/\/cpcsa.pt\/wp-content\/gallery\/2018\/cache\/41714674_726747834332272_6367682005827584000_n.jpg-nggid0258-ngg0dyn-300x200x100-00f0w010c011r110f110r010t010.jpg\"\/>\n\t\t\t\t\t\t\t<\/a>\n\t\t\t\t\t\t<\/div>\n\t\t\t\t\t\t\t\t\t\t<div class=\"ngg-albumtitle\">\n\t\t\t\t\t\t<a class='gallery_link' href='http:\/\/cpcsa.pt\/index.php\/nggallery\/monograficas\/2018?page_id=1081'>2018<\/a>\n\t\t\t\t\t<\/div>\n\t\t\t\t\t<div class=\"ngg-description\">\n\t\t\t\t\t\t<p>29\u00aa Exposi\u00e7\u00e3o Monogr\u00e1fica do C\u00e3o da Serra de Aires<\/br>\r\nData: 10 de Junho de 2018<\/br>\r\nLocal: Santar\u00e9m<\/br>\r\nJuiz: Jos\u00e9 Rom\u00e3o<\/br>\r\nMelhor Exemplar e tamb\u00e9m melhor f\u00eamea: Bis D`Altoabaixo<\/br>\r\nMelhor macho: Ernesto da Cruz Alta<\/p>\n\t\t\t\t\t\t\t\t\t\t\t\t\t<p class=\"ngg-album-gallery-image-counter\">\n\t\t\t\t\t\t\t\t<strong>2<\/strong>&nbsp;Photos<\/p>\n\t\t\t\t\t\t\t\t\t\t\t<\/div>\n\t\t\t\t<\/div>\n\t\t\t<\/div>\n\t\t\t\t\t<div class=\"ngg-album\">\n\t\t\t\t<div class=\"ngg-albumcontent\">\n\t\t\t\t\t\t\t\t\t\t\t<div class=\"ngg-thumbnail\">\n\t\t\t\t\t\t\t<a class='gallery_link' href='http:\/\/cpcsa.pt\/index.php\/nggallery\/monograficas\/2017?page_id=1081'>\n\t\t\t\t\t\t\t\t<img class=\"Thumb\"\n\t\t\t\t\t\t\t\t\talt=\"2017\"\n\t\t\t\t\t\t\t\t\tsrc=\"http:\/\/cpcsa.pt\/wp-content\/gallery\/2017\/cache\/2.JPG-nggid0256-ngg0dyn-300x200x100-00f0w010c011r110f110r010t010.JPG\"\/>\n\t\t\t\t\t\t\t<\/a>\n\t\t\t\t\t\t<\/div>\n\t\t\t\t\t\t\t\t\t\t<div class=\"ngg-albumtitle\">\n\t\t\t\t\t\t<a class='gallery_link' href='http:\/\/cpcsa.pt\/index.php\/nggallery\/monograficas\/2017?page_id=1081'>2017<\/a>\n\t\t\t\t\t<\/div>\n\t\t\t\t\t<div class=\"ngg-description\">\n\t\t\t\t\t\t<p>28\u00aa Exposi\u00e7\u00e3o Monogr\u00e1fica do C\u00e3o da Serra de Aires<\/br>\r\nData: 30 de Setembro de 2017<\/br>\r\nLocal: Aveiro<\/br>\r\nJuiz: Rui Oliveira<\/br>\r\nMelhor Exemplar e tamb\u00e9m melhor macho: Bos D`Altoabaixo<\/br>\r\nMelhor f\u00eamea: Noz II do Casal da Vinha<\/p>\n\t\t\t\t\t\t\t\t\t\t\t\t\t<p class=\"ngg-album-gallery-image-counter\">\n\t\t\t\t\t\t\t\t<strong>2<\/strong>&nbsp;Photos<\/p>\n\t\t\t\t\t\t\t\t\t\t\t<\/div>\n\t\t\t\t<\/div>\n\t\t\t<\/div>\n\t\t\t\t\t<div class=\"ngg-album\">\n\t\t\t\t<div class=\"ngg-albumcontent\">\n\t\t\t\t\t\t\t\t\t\t\t<div class=\"ngg-thumbnail\">\n\t\t\t\t\t\t\t<a class='gallery_link' href='http:\/\/cpcsa.pt\/index.php\/nggallery\/monograficas\/2016?page_id=1081'>\n\t\t\t\t\t\t\t\t<img class=\"Thumb\"\n\t\t\t\t\t\t\t\t\talt=\"2016\"\n\t\t\t\t\t\t\t\t\tsrc=\"http:\/\/cpcsa.pt\/wp-content\/gallery\/2016\/cache\/BIS-FOTO-1.jpg-nggid0252-ngg0dyn-300x200x100-00f0w010c011r110f110r010t010.jpg\"\/>\n\t\t\t\t\t\t\t<\/a>\n\t\t\t\t\t\t<\/div>\n\t\t\t\t\t\t\t\t\t\t<div class=\"ngg-albumtitle\">\n\t\t\t\t\t\t<a class='gallery_link' href='http:\/\/cpcsa.pt\/index.php\/nggallery\/monograficas\/2016?page_id=1081'>2016<\/a>\n\t\t\t\t\t<\/div>\n\t\t\t\t\t<div class=\"ngg-description\">\n\t\t\t\t\t\t<p>27\u00aa Exposi\u00e7\u00e3o Monogr\u00e1fica do C\u00e3o da Serra de Aires<\/br>\r\nData: 23 de Abril de 2016<\/br>\r\nLocal: Beja<\/br>\r\nJuiz: Francisco Salvador Janeiro<\/br>\r\nMelhor Exemplar e tamb\u00e9m melhor f\u00eamea: Fantasia da Quinta D`Abroeira<\/br>\r\nMelhor macho: Fado II Da Quinta D`Abroeira<\/p>\n\t\t\t\t\t\t\t\t\t\t\t\t\t<p class=\"ngg-album-gallery-image-counter\">\n\t\t\t\t\t\t\t\t<strong>4<\/strong>&nbsp;Photos<\/p>\n\t\t\t\t\t\t\t\t\t\t\t<\/div>\n\t\t\t\t<\/div>\n\t\t\t<\/div>\n\t\t\t\t\t<div class=\"ngg-album\">\n\t\t\t\t<div class=\"ngg-albumcontent\">\n\t\t\t\t\t\t\t\t\t\t\t<div class=\"ngg-thumbnail\">\n\t\t\t\t\t\t\t<a class='gallery_link' href='http:\/\/cpcsa.pt\/index.php\/nggallery\/monograficas\/2015?page_id=1081'>\n\t\t\t\t\t\t\t\t<img class=\"Thumb\"\n\t\t\t\t\t\t\t\t\talt=\"2015\"\n\t\t\t\t\t\t\t\t\tsrc=\"http:\/\/cpcsa.pt\/wp-content\/gallery\/2015\/cache\/12095128_169829413357453_2700654392240950566_o.jpg-nggid0249-ngg0dyn-300x200x100-00f0w010c011r110f110r010t010.jpg\"\/>\n\t\t\t\t\t\t\t<\/a>\n\t\t\t\t\t\t<\/div>\n\t\t\t\t\t\t\t\t\t\t<div class=\"ngg-albumtitle\">\n\t\t\t\t\t\t<a class='gallery_link' href='http:\/\/cpcsa.pt\/index.php\/nggallery\/monograficas\/2015?page_id=1081'>2015<\/a>\n\t\t\t\t\t<\/div>\n\t\t\t\t\t<div class=\"ngg-description\">\n\t\t\t\t\t\t<p>26\u00aa Exposi\u00e7\u00e3o Monogr\u00e1fica do C\u00e3o da Serra de Aires<\/br>\r\nData: 26 de Setembro de 2015<\/br>\r\nLocal: Aveiro<\/br>\r\nJuiz: Jo\u00e3o Vasco Po\u00e7as<\/br>\r\nMelhor Exemplar e tamb\u00e9m melhor f\u00eamea: Noz II do Casal da Vinha<\/br>\r\nMelhor macho: Hank du Manoir de la Closerie<\/p>\n\t\t\t\t\t\t\t\t\t\t\t\t\t<p class=\"ngg-album-gallery-image-counter\">\n\t\t\t\t\t\t\t\t<strong>3<\/strong>&nbsp;Photos<\/p>\n\t\t\t\t\t\t\t\t\t\t\t<\/div>\n\t\t\t\t<\/div>\n\t\t\t<\/div>\n\t\t\t\t\t<div class=\"ngg-album\">\n\t\t\t\t<div class=\"ngg-albumcontent\">\n\t\t\t\t\t\t\t\t\t\t\t<div class=\"ngg-thumbnail\">\n\t\t\t\t\t\t\t<a class='gallery_link' href='http:\/\/cpcsa.pt\/index.php\/nggallery\/monograficas\/2014?page_id=1081'>\n\t\t\t\t\t\t\t\t<img class=\"Thumb\"\n\t\t\t\t\t\t\t\t\talt=\"2014\"\n\t\t\t\t\t\t\t\t\tsrc=\"http:\/\/cpcsa.pt\/wp-content\/gallery\/2014\/cache\/47.jpg-nggid0247-ngg0dyn-300x200x100-00f0w010c011r110f110r010t010.jpg\"\/>\n\t\t\t\t\t\t\t<\/a>\n\t\t\t\t\t\t<\/div>\n\t\t\t\t\t\t\t\t\t\t<div class=\"ngg-albumtitle\">\n\t\t\t\t\t\t<a class='gallery_link' href='http:\/\/cpcsa.pt\/index.php\/nggallery\/monograficas\/2014?page_id=1081'>2014<\/a>\n\t\t\t\t\t<\/div>\n\t\t\t\t\t<div class=\"ngg-description\">\n\t\t\t\t\t\t<p>25\u00aa Exposi\u00e7\u00e3o Monogr\u00e1fica do C\u00e3o da Serra de Aires<\/br>\r\nData: 6 de Setembro de 2014<\/br>\r\nLocal: Aveiro<\/br>\r\nJu\u00edzes: Maria Am\u00e9lia Taborda e Rui Alves Monteiro<\/br>\r\nMelhor Exemplar e tamb\u00e9m melhor f\u00eamea: Noz II do Casal da Vinha<\/br>\r\nMelhor macho: Fado II Da Quinta D`Abroeira<\/p>\n\t\t\t\t\t\t\t\t\t\t\t\t\t<p class=\"ngg-album-gallery-image-counter\">\n\t\t\t\t\t\t\t\t<strong>2<\/strong>&nbsp;Photos<\/p>\n\t\t\t\t\t\t\t\t\t\t\t<\/div>\n\t\t\t\t<\/div>\n\t\t\t<\/div>\n\t\t\t\t\t<div class=\"ngg-album\">\n\t\t\t\t<div class=\"ngg-albumcontent\">\n\t\t\t\t\t\t\t\t\t\t\t<div class=\"ngg-thumbnail\">\n\t\t\t\t\t\t\t<a class='gallery_link' href='http:\/\/cpcsa.pt\/index.php\/nggallery\/monograficas\/2013?page_id=1081'>\n\t\t\t\t\t\t\t\t<img class=\"Thumb\"\n\t\t\t\t\t\t\t\t\talt=\"2013\"\n\t\t\t\t\t\t\t\t\tsrc=\"http:\/\/cpcsa.pt\/wp-content\/gallery\/2013\/cache\/70.jpg-nggid0245-ngg0dyn-300x200x100-00f0w010c011r110f110r010t010.jpg\"\/>\n\t\t\t\t\t\t\t<\/a>\n\t\t\t\t\t\t<\/div>\n\t\t\t\t\t\t\t\t\t\t<div class=\"ngg-albumtitle\">\n\t\t\t\t\t\t<a class='gallery_link' href='http:\/\/cpcsa.pt\/index.php\/nggallery\/monograficas\/2013?page_id=1081'>2013<\/a>\n\t\t\t\t\t<\/div>\n\t\t\t\t\t<div class=\"ngg-description\">\n\t\t\t\t\t\t<p>24\u00aa Exposi\u00e7\u00e3o Monogr\u00e1fica do C\u00e3o da Serra de Aires<\/br>\r\nData: 10 de Junho de 2013<\/br>\r\nLocal; Santar\u00e9m<\/br>\r\nJuiz: Lu\u00eds Gorj\u00e3o Henriques<\/br>\r\nMelhor Exemplar e tamb\u00e9m melhor f\u00eamea: Amarela da Quinta D`Abroeira<\/br>\r\nMelhor macho: Engenheiro das Merc\u00eas.\r\n<\/p>\n\t\t\t\t\t\t\t\t\t\t\t\t\t<p class=\"ngg-album-gallery-image-counter\">\n\t\t\t\t\t\t\t\t<strong>2<\/strong>&nbsp;Photos<\/p>\n\t\t\t\t\t\t\t\t\t\t\t<\/div>\n\t\t\t\t<\/div>\n\t\t\t<\/div>\n\t\t\t\t\t<div class=\"ngg-album\">\n\t\t\t\t<div class=\"ngg-albumcontent\">\n\t\t\t\t\t\t\t\t\t\t\t<div class=\"ngg-thumbnail\">\n\t\t\t\t\t\t\t<a class='gallery_link' href='http:\/\/cpcsa.pt\/index.php\/nggallery\/monograficas\/2012?page_id=1081'>\n\t\t\t\t\t\t\t\t<img class=\"Thumb\"\n\t\t\t\t\t\t\t\t\talt=\"2012\"\n\t\t\t\t\t\t\t\t\tsrc=\"http:\/\/cpcsa.pt\/wp-content\/gallery\/2012\/cache\/54.jpg-nggid0242-ngg0dyn-300x200x100-00f0w010c011r110f110r010t010.jpg\"\/>\n\t\t\t\t\t\t\t<\/a>\n\t\t\t\t\t\t<\/div>\n\t\t\t\t\t\t\t\t\t\t<div class=\"ngg-albumtitle\">\n\t\t\t\t\t\t<a class='gallery_link' href='http:\/\/cpcsa.pt\/index.php\/nggallery\/monograficas\/2012?page_id=1081'>2012<\/a>\n\t\t\t\t\t<\/div>\n\t\t\t\t\t<div class=\"ngg-description\">\n\t\t\t\t\t\t<p>23\u00aa Exposi\u00e7\u00e3o Monogr\u00e1fica do C\u00e3o da Serra de Aires<\/br>\r\nData: 10 de Junho de 2012\r\nLocal: Santar\u00e9m<\/br>\r\nJuiz: Pedro Sanches Delerue<\/br>\r\nMelhor Exemplar e tamb\u00e9m melhor f\u00eamea: N\u00easpera do Pocinho<\/br>\r\nMelhor macho: Bruno do Monte da Hulha\r\n<\/p>\n\t\t\t\t\t\t\t\t\t\t\t\t\t<p class=\"ngg-album-gallery-image-counter\">\n\t\t\t\t\t\t\t\t<strong>3<\/strong>&nbsp;Photos<\/p>\n\t\t\t\t\t\t\t\t\t\t\t<\/div>\n\t\t\t\t<\/div>\n\t\t\t<\/div>\n\t\t\t\t\t<div class=\"ngg-album\">\n\t\t\t\t<div class=\"ngg-albumcontent\">\n\t\t\t\t\t\t\t\t\t\t\t<div class=\"ngg-thumbnail\">\n\t\t\t\t\t\t\t<a class='gallery_link' href='http:\/\/cpcsa.pt\/index.php\/nggallery\/monograficas\/2011?page_id=1081'>\n\t\t\t\t\t\t\t\t<img class=\"Thumb\"\n\t\t\t\t\t\t\t\t\talt=\"2011\"\n\t\t\t\t\t\t\t\t\tsrc=\"http:\/\/cpcsa.pt\/wp-content\/gallery\/2011\/cache\/12.jpg-nggid0238-ngg0dyn-300x200x100-00f0w010c011r110f110r010t010.jpg\"\/>\n\t\t\t\t\t\t\t<\/a>\n\t\t\t\t\t\t<\/div>\n\t\t\t\t\t\t\t\t\t\t<div class=\"ngg-albumtitle\">\n\t\t\t\t\t\t<a class='gallery_link' href='http:\/\/cpcsa.pt\/index.php\/nggallery\/monograficas\/2011?page_id=1081'>2011<\/a>\n\t\t\t\t\t<\/div>\n\t\t\t\t\t<div class=\"ngg-description\">\n\t\t\t\t\t\t<p>22\u00aa Exposi\u00e7\u00e3o Monogr\u00e1fica do C\u00e3o da Serra de Aires<\/br>\r\nData: 10 de Junho de 2011<\/br>\r\nLocal: Santar\u00e9m<\/br>\r\nJu\u00edza: Maria Am\u00e9lia Taborda<\/br>\r\nMelhor Exemplar e tamb\u00e9m melhor f\u00eamea: Senhora da Quinta D`Abroeira<\/br>\r\nMelhor macho: Dom da Casa da Costa. \r\n<\/p>\n\t\t\t\t\t\t\t\t\t\t\t\t\t<p class=\"ngg-album-gallery-image-counter\">\n\t\t\t\t\t\t\t\t<strong>4<\/strong>&nbsp;Photos<\/p>\n\t\t\t\t\t\t\t\t\t\t\t<\/div>\n\t\t\t\t<\/div>\n\t\t\t<\/div>\n\t\t\t\t\t<div class=\"ngg-album\">\n\t\t\t\t<div class=\"ngg-albumcontent\">\n\t\t\t\t\t\t\t\t\t\t\t<div class=\"ngg-thumbnail\">\n\t\t\t\t\t\t\t<a class='gallery_link' href='http:\/\/cpcsa.pt\/index.php\/nggallery\/monograficas\/2010?page_id=1081'>\n\t\t\t\t\t\t\t\t<img class=\"Thumb\"\n\t\t\t\t\t\t\t\t\talt=\"2010\"\n\t\t\t\t\t\t\t\t\tsrc=\"http:\/\/cpcsa.pt\/wp-content\/gallery\/2010\/cache\/31.jpg-nggid0224-ngg0dyn-300x200x100-00f0w010c011r110f110r010t010.jpg\"\/>\n\t\t\t\t\t\t\t<\/a>\n\t\t\t\t\t\t<\/div>\n\t\t\t\t\t\t\t\t\t\t<div class=\"ngg-albumtitle\">\n\t\t\t\t\t\t<a class='gallery_link' href='http:\/\/cpcsa.pt\/index.php\/nggallery\/monograficas\/2010?page_id=1081'>2010<\/a>\n\t\t\t\t\t<\/div>\n\t\t\t\t\t<div class=\"ngg-description\">\n\t\t\t\t\t\t<p>21\u00aa Exposi\u00e7\u00e3o Monogr\u00e1fica do C\u00e3o da Serra de Aires<\/br>\r\nData: 10 de Junho de 2010<\/br>\r\nLocal: Santar\u00e9m<\/br>\r\nJuiz: Lu\u00eds Gorj\u00e3o Henriques<\/br>\r\nMelhor Exemplar e tamb\u00e9m melhor f\u00eamea: <\/br>\r\nMelhor macho: <\/p>\n\t\t\t\t\t\t\t\t\t\t\t\t\t<p class=\"ngg-album-gallery-image-counter\">\n\t\t\t\t\t\t\t\t<strong>5<\/strong>&nbsp;Photos<\/p>\n\t\t\t\t\t\t\t\t\t\t\t<\/div>\n\t\t\t\t<\/div>\n\t\t\t<\/div>\n\t\t\t\t\t<div class=\"ngg-album\">\n\t\t\t\t<div class=\"ngg-albumcontent\">\n\t\t\t\t\t\t\t\t\t\t\t<div class=\"ngg-thumbnail\">\n\t\t\t\t\t\t\t<a class='gallery_link' href='http:\/\/cpcsa.pt\/index.php\/nggallery\/monograficas\/2009?page_id=1081'>\n\t\t\t\t\t\t\t\t<img class=\"Thumb\"\n\t\t\t\t\t\t\t\t\talt=\"2009\"\n\t\t\t\t\t\t\t\t\tsrc=\"http:\/\/cpcsa.pt\/wp-content\/gallery\/2009\/cache\/P1030702.JPG-nggid0229-ngg0dyn-300x200x100-00f0w010c011r110f110r010t010.JPG\"\/>\n\t\t\t\t\t\t\t<\/a>\n\t\t\t\t\t\t<\/div>\n\t\t\t\t\t\t\t\t\t\t<div class=\"ngg-albumtitle\">\n\t\t\t\t\t\t<a class='gallery_link' href='http:\/\/cpcsa.pt\/index.php\/nggallery\/monograficas\/2009?page_id=1081'>2009<\/a>\n\t\t\t\t\t<\/div>\n\t\t\t\t\t<div class=\"ngg-description\">\n\t\t\t\t\t\t<p>20\u00aa Exposi\u00e7\u00e3o Monogr\u00e1fica do C\u00e3o da Serra de Aires<\/br>\r\nData: 12 de Setembro de 2009<\/br>\r\nLocal: Aveiro<\/br>\r\nJuiz: Jorge Brites Gon\u00e7alves<\/br>\r\nMelhor Exemplar e Melhor F\u00eamea: Biva da Quinta D`Abroeira<\/br>\r\nMelhor Macho: Bernardo do Cabe\u00e7o de Santa Marta<\/p>\n\t\t\t\t\t\t\t\t\t\t\t\t\t<p class=\"ngg-album-gallery-image-counter\">\n\t\t\t\t\t\t\t\t<strong>4<\/strong>&nbsp;Photos<\/p>\n\t\t\t\t\t\t\t\t\t\t\t<\/div>\n\t\t\t\t<\/div>\n\t\t\t<\/div>\n\t\t\t\t\t<div class=\"ngg-album\">\n\t\t\t\t<div class=\"ngg-albumcontent\">\n\t\t\t\t\t\t\t\t\t\t\t<div class=\"ngg-thumbnail\">\n\t\t\t\t\t\t\t<a class='gallery_link' href='http:\/\/cpcsa.pt\/index.php\/nggallery\/monograficas\/2008?page_id=1081'>\n\t\t\t\t\t\t\t\t<img class=\"Thumb\"\n\t\t\t\t\t\t\t\t\talt=\"2008\"\n\t\t\t\t\t\t\t\t\tsrc=\"http:\/\/cpcsa.pt\/wp-content\/gallery\/2008\/cache\/MOO9.jpg-nggid0218-ngg0dyn-300x200x100-00f0w010c011r110f110r010t010.jpg\"\/>\n\t\t\t\t\t\t\t<\/a>\n\t\t\t\t\t\t<\/div>\n\t\t\t\t\t\t\t\t\t\t<div class=\"ngg-albumtitle\">\n\t\t\t\t\t\t<a class='gallery_link' href='http:\/\/cpcsa.pt\/index.php\/nggallery\/monograficas\/2008?page_id=1081'>2008<\/a>\n\t\t\t\t\t<\/div>\n\t\t\t\t\t<div class=\"ngg-description\">\n\t\t\t\t\t\t<p>19\u00aa Exposi\u00e7\u00e3o Monogr\u00e1fica do C\u00e3o da Serra de Aires<\/br>\r\nData: 30 de Novembro de 2008<\/br>\r\nLocal; Santar\u00e9m<\/br>\r\nJuiz: Lu\u00eds Gorj\u00e3o Henriques<\/br>\r\nMelhor Exemplar e Melhor F\u00eamea: Xica da Quinta D`Abroeira<\/br>\r\nMelhor Macho: Imperador do Casal da Vinha\r\n<\/p>\n\t\t\t\t\t\t\t\t\t\t\t\t\t<p class=\"ngg-album-gallery-image-counter\">\n\t\t\t\t\t\t\t\t<strong>1<\/strong>&nbsp;Photos<\/p>\n\t\t\t\t\t\t\t\t\t\t\t<\/div>\n\t\t\t\t<\/div>\n\t\t\t<\/div>\n\t\t\t\t\t<div class=\"ngg-album\">\n\t\t\t\t<div class=\"ngg-albumcontent\">\n\t\t\t\t\t\t\t\t\t\t\t<div class=\"ngg-thumbnail\">\n\t\t\t\t\t\t\t<a class='gallery_link' href='http:\/\/cpcsa.pt\/index.php\/nggallery\/monograficas\/2007?page_id=1081'>\n\t\t\t\t\t\t\t\t<img class=\"Thumb\"\n\t\t\t\t\t\t\t\t\talt=\"2007\"\n\t\t\t\t\t\t\t\t\tsrc=\"http:\/\/cpcsa.pt\/wp-content\/gallery\/2007\/cache\/A56.jpg-nggid0216-ngg0dyn-300x200x100-00f0w010c011r110f110r010t010.jpg\"\/>\n\t\t\t\t\t\t\t<\/a>\n\t\t\t\t\t\t<\/div>\n\t\t\t\t\t\t\t\t\t\t<div class=\"ngg-albumtitle\">\n\t\t\t\t\t\t<a class='gallery_link' href='http:\/\/cpcsa.pt\/index.php\/nggallery\/monograficas\/2007?page_id=1081'>2007<\/a>\n\t\t\t\t\t<\/div>\n\t\t\t\t\t<div class=\"ngg-description\">\n\t\t\t\t\t\t<p>18\u00aa Exposi\u00e7\u00e3o Monogr\u00e1fica do C\u00e3o da Serra de Aires <\/br>\r\nData: 29 de Setembro de 2007\r\nLocal: Coruche\r\nJuiz: Manuel Loureiro Borges\r\nMelhor Exemplar e Melhor Macho: Cacau do Casal da Vinha\r\nMelhor F\u00eamea: Senhora da Quinta d'Abroeira<\/p>\n\t\t\t\t\t\t\t\t\t\t\t\t\t<p class=\"ngg-album-gallery-image-counter\">\n\t\t\t\t\t\t\t\t<strong>2<\/strong>&nbsp;Photos<\/p>\n\t\t\t\t\t\t\t\t\t\t\t<\/div>\n\t\t\t\t<\/div>\n\t\t\t<\/div>\n\t\t\t\t<div class='ngg-clear'><\/div>\t<\/div>\n\n","protected":false},"excerpt":{"rendered":"","protected":false},"author":1,"featured_media":0,"parent":0,"menu_order":0,"comment_status":"closed","ping_status":"closed","template":"","meta":{"ngg_post_thumbnail":0},"_links":{"self":[{"href":"http:\/\/cpcsa.pt\/index.php?rest_route=\/wp\/v2\/pages\/1081"}],"collection":[{"href":"http:\/\/cpcsa.pt\/index.php?rest_route=\/wp\/v2\/pages"}],"about":[{"href":"http:\/\/cpcsa.pt\/index.php?rest_route=\/wp\/v2\/types\/page"}],"author":[{"embeddable":true,"href":"http:\/\/cpcsa.pt\/index.php?rest_route=\/wp\/v2\/users\/1"}],"replies":[{"embeddable":true,"href":"http:\/\/cpcsa.pt\/index.php?rest_route=%2Fwp%2Fv2%2Fcomments&post=1081"}],"version-history":[{"count":7,"href":"http:\/\/cpcsa.pt\/index.php?rest_route=\/wp\/v2\/pages\/1081\/revisions"}],"predecessor-version":[{"id":1133,"href":"http:\/\/cpcsa.pt\/index.php?rest_route=\/wp\/v2\/pages\/1081\/revisions\/1133"}],"wp:attachment":[{"href":"http:\/\/cpcsa.pt\/index.php?rest_route=%2Fwp%2Fv2%2Fmedia&parent=1081"}],"curies":[{"name":"wp","href":"https:\/\/api.w.org\/{rel}","templated":true}]}}